{"id":132,"date":"2018-11-15T11:38:37","date_gmt":"2018-11-15T10:38:37","guid":{"rendered":"http:\/\/www.giovanni.pl\/rubino\/en\/?page_id=132"},"modified":"2023-11-23T23:34:50","modified_gmt":"2023-11-23T22:34:50","slug":"kontakt","status":"publish","type":"page","link":"https:\/\/giovanni.pl\/rubino\/en\/kontakt\/","title":{"rendered":"KONTAKT"},"content":{"rendered":"<p>[et_pb_section fb_built=&#8221;1&#8243; _builder_version=&#8221;4.16&#8243; global_colors_info=&#8221;{}&#8221;][et_pb_row _builder_version=&#8221;4.16&#8243; background_size=&#8221;initial&#8221; background_position=&#8221;top_left&#8221; background_repeat=&#8221;repeat&#8221; global_colors_info=&#8221;{}&#8221;][et_pb_column type=&#8221;4_4&#8243; _builder_version=&#8221;4.16&#8243; custom_padding=&#8221;|||&#8221; global_colors_info=&#8221;{}&#8221; custom_padding__hover=&#8221;|||&#8221;][et_pb_divider show_divider=&#8221;off&#8221; admin_label=&#8221;Separator 50 pix&#8221; _builder_version=&#8221;3.17.6&#8243; height=&#8221;50px&#8221; global_module=&#8221;545&#8243; saved_tabs=&#8221;all&#8221; locked=&#8221;on&#8221; global_colors_info=&#8221;{}&#8221;]<\/p>\n<p>[\/et_pb_divider][\/et_pb_column][\/et_pb_row][et_pb_row _builder_version=&#8221;4.16&#8243; background_size=&#8221;initial&#8221; background_position=&#8221;top_left&#8221; background_repeat=&#8221;repeat&#8221; global_colors_info=&#8221;{}&#8221; column_structure=&#8221;2_5,3_5&#8243;][et_pb_column type=&#8221;2_5&#8243; _builder_version=&#8221;4.16&#8243; custom_padding=&#8221;|||&#8221; global_colors_info=&#8221;{}&#8221; custom_padding__hover=&#8221;|||&#8221;][et_pb_text _builder_version=&#8221;4.19.1&#8243; animation_style=&#8221;fade&#8221; hover_enabled=&#8221;0&#8243; global_colors_info=&#8221;{}&#8221; sticky_enabled=&#8221;0&#8243;]<\/p>\n<h6 style=\"text-align: center;\"><strong>GIOVANNI RUBINO<\/strong><\/h6>\n<p>&nbsp;<\/p>\n<p style=\"text-align: center;\"><span style=\"color: #000000;\"><strong>We invite you every day<\/strong><\/span><br \/><span style=\"color: #000000;\"><strong>between 10 a.m. and 12 p.m.<\/strong><\/span><\/p>\n<p style=\"text-align: center;\"><span style=\"color: #000000;\">Krakowskie Przedmie\u015bcie 37<\/span><br \/><span style=\"color: #000000;\">00-071 Warsaw<\/span><br \/><span style=\"color: #000000;\">+48 (22) 826 27 88<\/span><br \/><a href=\"http:\/\/www.giovanni.pl\">www.giovanni.pl<\/a><\/p>\n<p style=\"text-align: center;\"><span style=\"color: #000000;\"><strong>Manager:<\/strong><\/span><br \/><span style=\"color: #000000;\">Arkadiusz W\u0105sowski<\/span><br \/><span style=\"color: #000000;\">+48 693 977 477<\/span><br \/><a href=\"mailto:arek.wasowski@gmail.com\">arek.wasowski@gmail.com<\/a><\/p>\n<p style=\"text-align: center;\">[\/et_pb_text][\/et_pb_column][et_pb_column type=&#8221;3_5&#8243; _builder_version=&#8221;4.16&#8243; custom_padding=&#8221;|||&#8221; global_colors_info=&#8221;{}&#8221; custom_padding__hover=&#8221;|||&#8221;][et_pb_image src=&#8221;http:\/\/www.giovanni.pl\/rubino\/en\/wp-content\/uploads\/2018\/11\/rubino_12.jpg&#8221; align=&#8221;center&#8221; align_tablet=&#8221;center&#8221; align_last_edited=&#8221;on|desktop&#8221; _builder_version=&#8221;4.16&#8243; animation_style=&#8221;slide&#8221; animation_direction=&#8221;bottom&#8221; animation_intensity_slide=&#8221;5%&#8221; global_colors_info=&#8221;{}&#8221; align_phone=&#8221;center&#8221;][\/et_pb_image][\/et_pb_column][\/et_pb_row][et_pb_row _builder_version=&#8221;4.16&#8243; background_size=&#8221;initial&#8221; background_position=&#8221;top_left&#8221; background_repeat=&#8221;repeat&#8221; global_colors_info=&#8221;{}&#8221;][et_pb_column type=&#8221;4_4&#8243; _builder_version=&#8221;4.16&#8243; custom_padding=&#8221;|||&#8221; global_colors_info=&#8221;{}&#8221; custom_padding__hover=&#8221;|||&#8221;][et_pb_divider show_divider=&#8221;off&#8221; admin_label=&#8221;Separator 50 pix&#8221; _builder_version=&#8221;3.17.6&#8243; height=&#8221;50px&#8221; global_module=&#8221;545&#8243; saved_tabs=&#8221;all&#8221; locked=&#8221;on&#8221; global_colors_info=&#8221;{}&#8221;]<\/p>\n<p>[\/et_pb_divider][\/et_pb_column][\/et_pb_row][\/et_pb_section][et_pb_section fb_built=&#8221;1&#8243; fullwidth=&#8221;on&#8221; _builder_version=&#8221;4.16&#8243; global_colors_info=&#8221;{}&#8221;][et_pb_fullwidth_map address=&#8221;Krakowskie Przedmie\u015bcie 37, 00-401 Warszawa, Polska&#8221; address_lat=&#8221;52.2442579&#8243; address_lng=&#8221;21.01386500000001&#8243; mouse_wheel=&#8221;off&#8221; mobile_dragging=&#8221;off&#8221; _builder_version=&#8221;4.16&#8243; child_filter_saturate=&#8221;0%&#8221; global_colors_info=&#8221;{}&#8221;][et_pb_map_pin title=&#8221;Giovanni Rubino&#8221; pin_address=&#8221;Krakowskie Przedmie\u015bcie 37, 00-401 Warszawa, Polska&#8221; pin_address_lat=&#8221;52.2442579&#8243; pin_address_lng=&#8221;21.01386500000001&#8243; _builder_version=&#8221;3.17.6&#8243; global_colors_info=&#8221;{}&#8221;]<\/p>\n<p style=\"text-align: left;\">Krakowskie Przedmie\u015bcie 37<br \/>00-071 Warszawa<br \/>tel. (22) 826 27 88<\/p>\n<p>[\/et_pb_map_pin][\/et_pb_fullwidth_map][\/et_pb_section][et_pb_section fb_built=&#8221;1&#8243; admin_label=&#8221;Menu Krab&#8221; _builder_version=&#8221;3.18.2&#8243; background_color=&#8221;#bb2b31&#8243; background_image=&#8221;http:\/\/www.giovanni.pl\/rubino\/en\/wp-content\/uploads\/2018\/11\/crab-5.png&#8221; global_module=&#8221;639&#8243; locked=&#8221;off&#8221; collapsed=&#8221;off&#8221; global_colors_info=&#8221;{}&#8221;][et_pb_row _builder_version=&#8221;4.16&#8243; background_size=&#8221;initial&#8221; background_position=&#8221;top_left&#8221; background_repeat=&#8221;repeat&#8221; global_colors_info=&#8221;{}&#8221;][et_pb_column type=&#8221;4_4&#8243; _builder_version=&#8221;4.16&#8243; custom_padding=&#8221;|||&#8221; global_colors_info=&#8221;{}&#8221; custom_padding__hover=&#8221;|||&#8221;][et_pb_divider show_divider=&#8221;off&#8221; admin_label=&#8221;Separator 25 pix&#8221; _builder_version=&#8221;4.16&#8243; global_colors_info=&#8221;{}&#8221;][\/et_pb_divider][\/et_pb_column][\/et_pb_row][et_pb_row _builder_version=&#8221;4.16&#8243; background_size=&#8221;initial&#8221; background_position=&#8221;top_left&#8221; background_repeat=&#8221;repeat&#8221; global_colors_info=&#8221;{}&#8221; column_structure=&#8221;1_5,1_5,1_5,1_5,1_5&#8243;][et_pb_column type=&#8221;1_5&#8243; _builder_version=&#8221;4.16&#8243; custom_padding=&#8221;|||&#8221; global_colors_info=&#8221;{}&#8221; custom_padding__hover=&#8221;|||&#8221;][et_pb_divider show_divider=&#8221;off&#8221; admin_label=&#8221;Separator 25 pix&#8221; _builder_version=&#8221;4.16&#8243; global_colors_info=&#8221;{}&#8221;][\/et_pb_divider][et_pb_text admin_label=&#8221;\u015aniadania&#8221; _builder_version=&#8221;4.16&#8243; background_layout=&#8221;dark&#8221; global_colors_info=&#8221;{}&#8221;]<\/p>\n<h4 style=\"text-align: center;\"><strong>BREAKFASTS<\/strong><\/h4>\n<p style=\"text-align: center;\">10:00 \u2013 12:00<\/p>\n<\/p>\n<p>[\/et_pb_text][et_pb_button button_url=&#8221;http:\/\/www.giovanni.pl\/rubino\/en\/project\/sniadania\/&#8221; button_text=&#8221;SEE MORE&#8221; button_alignment=&#8221;center&#8221; admin_label=&#8221;SEE MORE&#8221; _builder_version=&#8221;4.16&#8243; button_icon=&#8221;&#x22;||divi||400&#8243; background_layout=&#8221;dark&#8221; global_colors_info=&#8221;{}&#8221;][\/et_pb_button][et_pb_divider show_divider=&#8221;off&#8221; admin_label=&#8221;Separator 25 pix&#8221; _builder_version=&#8221;4.16&#8243; global_colors_info=&#8221;{}&#8221;][\/et_pb_divider][\/et_pb_column][et_pb_column type=&#8221;1_5&#8243; _builder_version=&#8221;4.16&#8243; custom_padding=&#8221;|||&#8221; global_colors_info=&#8221;{}&#8221; custom_padding__hover=&#8221;|||&#8221;][et_pb_divider show_divider=&#8221;off&#8221; admin_label=&#8221;Separator 25 pix&#8221; _builder_version=&#8221;4.16&#8243; global_colors_info=&#8221;{}&#8221;][\/et_pb_divider][et_pb_text admin_label=&#8221;Lunche&#8221; _builder_version=&#8221;4.16&#8243; background_layout=&#8221;dark&#8221; global_colors_info=&#8221;{}&#8221;]<\/p>\n<h4 style=\"text-align: center;\"><strong>LUNCHES<\/strong><\/h4>\n<p style=\"text-align: center;\">12:00 \u2013 16:00<\/p>\n<\/p>\n<p>[\/et_pb_text][et_pb_button button_url=&#8221;http:\/\/www.giovanni.pl\/rubino\/en\/project\/lunche\/&#8221; button_text=&#8221;SEE MORE&#8221; button_alignment=&#8221;center&#8221; admin_label=&#8221;SEE MORE&#8221; _builder_version=&#8221;4.16&#8243; button_icon=&#8221;&#x22;||divi||400&#8243; background_layout=&#8221;dark&#8221; global_colors_info=&#8221;{}&#8221;][\/et_pb_button][et_pb_divider show_divider=&#8221;off&#8221; admin_label=&#8221;Separator 25 pix&#8221; _builder_version=&#8221;4.16&#8243; global_colors_info=&#8221;{}&#8221;][\/et_pb_divider][\/et_pb_column][et_pb_column type=&#8221;1_5&#8243; _builder_version=&#8221;4.16&#8243; custom_padding=&#8221;|||&#8221; global_colors_info=&#8221;{}&#8221; custom_padding__hover=&#8221;|||&#8221;][et_pb_divider show_divider=&#8221;off&#8221; admin_label=&#8221;Separator 25 pix&#8221; _builder_version=&#8221;4.16&#8243; global_colors_info=&#8221;{}&#8221;][\/et_pb_divider][et_pb_text admin_label=&#8221;Dania&#8221; _builder_version=&#8221;4.16&#8243; background_layout=&#8221;dark&#8221; global_colors_info=&#8221;{}&#8221;]<\/p>\n<h4 style=\"text-align: center;\"><strong>DISHES<\/strong><\/h4>\n<p style=\"text-align: center;\">Chef recommends<\/p>\n<\/p>\n<p>[\/et_pb_text][et_pb_button button_url=&#8221;http:\/\/www.giovanni.pl\/rubino\/en\/menu\/&#8221; button_text=&#8221;SEE MORE&#8221; button_alignment=&#8221;center&#8221; admin_label=&#8221;SEE MORE&#8221; _builder_version=&#8221;4.16&#8243; background_layout=&#8221;dark&#8221; global_colors_info=&#8221;{}&#8221;][\/et_pb_button][et_pb_divider show_divider=&#8221;off&#8221; admin_label=&#8221;Separator 25 pix&#8221; _builder_version=&#8221;4.16&#8243; global_colors_info=&#8221;{}&#8221;][\/et_pb_divider][\/et_pb_column][et_pb_column type=&#8221;1_5&#8243; _builder_version=&#8221;4.16&#8243; custom_padding=&#8221;|||&#8221; global_colors_info=&#8221;{}&#8221; custom_padding__hover=&#8221;|||&#8221;][et_pb_divider show_divider=&#8221;off&#8221; admin_label=&#8221;Separator 25 pix&#8221; _builder_version=&#8221;4.16&#8243; global_colors_info=&#8221;{}&#8221;][\/et_pb_divider][et_pb_text admin_label=&#8221;Napoje&#8221; _builder_version=&#8221;4.16&#8243; background_layout=&#8221;dark&#8221; global_colors_info=&#8221;{}&#8221;]<\/p>\n<h4 style=\"text-align: center;\"><strong>DRINKS<\/strong><\/h4>\n<p style=\"text-align: center;\">Hot or cold<\/p>\n<\/p>\n<p>[\/et_pb_text][et_pb_button button_url=&#8221;http:\/\/www.giovanni.pl\/rubino\/en\/menu\/napoje\/&#8221; button_text=&#8221;SEE MORE&#8221; button_alignment=&#8221;center&#8221; admin_label=&#8221;SEE MORE&#8221; _builder_version=&#8221;4.16&#8243; background_layout=&#8221;dark&#8221; global_colors_info=&#8221;{}&#8221;][\/et_pb_button][et_pb_divider show_divider=&#8221;off&#8221; admin_label=&#8221;Separator 25 pix&#8221; _builder_version=&#8221;4.16&#8243; global_colors_info=&#8221;{}&#8221;][\/et_pb_divider][\/et_pb_column][et_pb_column type=&#8221;1_5&#8243; _builder_version=&#8221;4.16&#8243; custom_padding=&#8221;|||&#8221; global_colors_info=&#8221;{}&#8221; custom_padding__hover=&#8221;|||&#8221;][et_pb_divider show_divider=&#8221;off&#8221; admin_label=&#8221;Separator 25 pix&#8221; _builder_version=&#8221;4.16&#8243; global_colors_info=&#8221;{}&#8221;][\/et_pb_divider][et_pb_text admin_label=&#8221;Alkohole&#8221; _builder_version=&#8221;4.16&#8243; background_layout=&#8221;dark&#8221; global_colors_info=&#8221;{}&#8221;]<\/p>\n<h4 style=\"text-align: center;\"><strong>ALCOHOLS<\/strong><\/h4>\n<p style=\"text-align: center;\">Special selection<\/p>\n<\/p>\n<p>[\/et_pb_text][et_pb_button button_url=&#8221;http:\/\/www.giovanni.pl\/rubino\/en\/menu\/alkohole\/&#8221; button_text=&#8221;SEE MORE&#8221; button_alignment=&#8221;center&#8221; admin_label=&#8221;SEE MORE&#8221; _builder_version=&#8221;4.16&#8243; background_layout=&#8221;dark&#8221; global_colors_info=&#8221;{}&#8221;][\/et_pb_button][et_pb_divider show_divider=&#8221;off&#8221; admin_label=&#8221;Separator 25 pix&#8221; _builder_version=&#8221;4.16&#8243; global_colors_info=&#8221;{}&#8221;][\/et_pb_divider][\/et_pb_column][\/et_pb_row][\/et_pb_section]<\/p>\n<span class=\"et_bloom_bottom_trigger\"><\/span>","protected":false},"excerpt":{"rendered":"<p>GIOVANNI RUBINO &nbsp; We invite you every daybetween 10 a.m. and 12 p.m. Krakowskie Przedmie\u015bcie 3700-071 Warsaw+48 (22) 826 27 88www.giovanni.pl Manager:Arkadiusz W\u0105sowski+48 693 977 477arek.wasowski@gmail.com Krakowskie Przedmie\u015bcie 3700-071 Warszawatel. (22) 826 27 88 BREAKFASTS 10:00 \u2013 12:00 LUNCHES 12:00 \u2013 16:00 DISHES Chef recommends DRINKS Hot or cold ALCOHOLS Special selection<\/p>\n","protected":false},"author":1,"featured_media":0,"parent":0,"menu_order":0,"comment_status":"closed","ping_status":"closed","template":"","meta":{"_et_pb_use_builder":"on","_et_pb_old_content":"","_et_gb_content_width":""},"_links":{"self":[{"href":"https:\/\/giovanni.pl\/rubino\/en\/wp-json\/wp\/v2\/pages\/132"}],"collection":[{"href":"https:\/\/giovanni.pl\/rubino\/en\/wp-json\/wp\/v2\/pages"}],"about":[{"href":"https:\/\/giovanni.pl\/rubino\/en\/wp-json\/wp\/v2\/types\/page"}],"author":[{"embeddable":true,"href":"https:\/\/giovanni.pl\/rubino\/en\/wp-json\/wp\/v2\/users\/1"}],"replies":[{"embeddable":true,"href":"https:\/\/giovanni.pl\/rubino\/en\/wp-json\/wp\/v2\/comments?post=132"}],"version-history":[{"count":26,"href":"https:\/\/giovanni.pl\/rubino\/en\/wp-json\/wp\/v2\/pages\/132\/revisions"}],"predecessor-version":[{"id":1305,"href":"https:\/\/giovanni.pl\/rubino\/en\/wp-json\/wp\/v2\/pages\/132\/revisions\/1305"}],"wp:attachment":[{"href":"https:\/\/giovanni.pl\/rubino\/en\/wp-json\/wp\/v2\/media?parent=132"}],"curies":[{"name":"wp","href":"https:\/\/api.w.org\/{rel}","templated":true}]}}