{"id":22,"date":"2018-11-07T14:10:16","date_gmt":"2018-11-07T13:10:16","guid":{"rendered":"http:\/\/www.giovanni.pl\/rubino\/en\/?page_id=22"},"modified":"2021-11-07T09:52:29","modified_gmt":"2021-11-07T08:52:29","slug":"giovanni-rubino","status":"publish","type":"page","link":"https:\/\/giovanni.pl\/rubino\/en\/","title":{"rendered":"RESTAURACJA"},"content":{"rendered":"<p>[et_pb_section fb_built=&#8221;1&#8243; fullwidth=&#8221;on&#8221; disabled_on=&#8221;on|on|on&#8221; _builder_version=&#8221;4.6.5&#8243; _module_preset=&#8221;default&#8221; disabled=&#8221;on&#8221;][et_pb_fullwidth_header title=&#8221;DELIVERY \/ PERSONAL COLLECTION&#8221; subhead=&#8221;Order our dishes for delivery or collect them in person&#8221; text_orientation=&#8221;center&#8221; button_one_text=&#8221;MENU&#8221; button_one_url=&#8221;https:\/\/giovanni.pl\/rubino\/en\/menu\/&#8221; button_two_text=&#8221;CONTACT&#8221; button_two_url=&#8221;https:\/\/giovanni.pl\/rubino\/en\/kontakt\/&#8221; admin_label=&#8221;COVID&#8221; _builder_version=&#8221;4.6.5&#8243; _module_preset=&#8221;default&#8221; background_color=&#8221;#b92d35&#8243;]<\/p>\n<p style=\"text-align: center;\">You will get the second course with a discount of <strong>-30%<\/strong><br \/><strong>call 22 826 27 88<\/strong><\/p>\n<p style=\"text-align: center;\">Thank you<\/p>\n<p>[\/et_pb_fullwidth_header][\/et_pb_section][et_pb_section fb_built=&#8221;1&#8243; fullwidth=&#8221;on&#8221; admin_label=&#8221;Slider&#8221; _builder_version=&#8221;3.22&#8243; collapsed=&#8221;off&#8221;][et_pb_fullwidth_slider show_pagination=&#8221;off&#8221; module_class=&#8221;et_fullscreen_slider&#8221; _builder_version=&#8221;3.19.5&#8243; background_color=&#8221;#ffffff&#8221; background_size=&#8221;initial&#8221; background_position=&#8221;top_left&#8221; background_repeat=&#8221;repeat&#8221; auto=&#8221;on&#8221; auto_ignore_hover=&#8221;on&#8221; link_option_url=&#8221;#&#8221;][et_pb_slide use_bg_overlay=&#8221;off&#8221; use_text_overlay=&#8221;off&#8221; admin_title=&#8221;VIDEO&#8221; _builder_version=&#8221;3.19.5&#8243; background_image=&#8221;http:\/\/www.giovanni.pl\/rubino\/en\/wp-content\/uploads\/2018\/11\/rubino_01.jpg&#8221; background_video_mp4=&#8221;http:\/\/www.giovanni.pl\/rubino\/en\/wp-content\/uploads\/2019\/01\/GIOVANNI-RUBINO-Film-na-t\u0142o-strony-www-6mbps-bez-pask\u00f3w.mp4&#8243; background_video_width=&#8221;1920&#8243; background_video_height=&#8221;1080&#8243; background_video_pause_outside_viewport=&#8221;off&#8221; button_on_hover=&#8221;on&#8221; button_alignment=&#8221;center&#8221; sticky_transition=&#8221;on&#8221;][\/et_pb_slide][et_pb_slide heading=&#8221;GIOVANNI RUBINO&#8221; button_text=&#8221;VISIT US&#8221; button_link=&#8221;http:\/\/www.giovanni.pl\/rubino\/en\/kontakt\/&#8221; use_bg_overlay=&#8221;on&#8221; bg_overlay_color=&#8221;rgba(0,0,0,0.5)&#8221; use_text_overlay=&#8221;off&#8221; _builder_version=&#8221;3.19.5&#8243; background_image=&#8221;http:\/\/www.giovanni.pl\/rubino\/en\/wp-content\/uploads\/2018\/11\/IMG_0225b.jpg&#8221; parallax=&#8221;on&#8221; button_on_hover=&#8221;on&#8221; sticky_transition=&#8221;on&#8221;]<\/p>\n<h2>&nbsp;<\/h2>\n<h2 style=\"text-align: center;\"><b>Krakowskie Przedmie\u015bcie 37<br \/>Warsaw<\/b><\/h2>\n<p>&nbsp;<\/p>\n<p>[\/et_pb_slide][et_pb_slide heading=&#8221;WE ARE WAITING FOR YOU&#8221; button_text=&#8221;SEE PHOTO GALLERY&#8221; button_link=&#8221;http:\/\/www.giovanni.pl\/rubino\/en\/galeria\/&#8221; use_bg_overlay=&#8221;on&#8221; bg_overlay_color=&#8221;rgba(0,0,0,0.5)&#8221; use_text_overlay=&#8221;off&#8221; _builder_version=&#8221;3.19.5&#8243; background_image=&#8221;http:\/\/www.giovanni.pl\/rubino\/en\/wp-content\/uploads\/2018\/11\/IMG_0160b-2-1.jpg&#8221; parallax=&#8221;on&#8221; button_on_hover=&#8221;on&#8221; sticky_transition=&#8221;on&#8221;]<\/p>\n<h2>&nbsp;<\/h2>\n<h2 style=\"text-align: center;\"><strong>Rubino space,<br \/>to which you will come back.<\/strong><\/h2>\n<p>[\/et_pb_slide][et_pb_slide heading=&#8221;CHEF RECOMMENDS&#8221; button_text=&#8221;CHECK OUR MENU&#8221; button_link=&#8221;http:\/\/www.giovanni.pl\/rubino\/en\/menu\/&#8221; use_bg_overlay=&#8221;on&#8221; bg_overlay_color=&#8221;rgba(0,0,0,0.5)&#8221; use_text_overlay=&#8221;off&#8221; _builder_version=&#8221;3.19.5&#8243; background_color=&#8221;#7EBEC5&#8243; background_image=&#8221;http:\/\/www.giovanni.pl\/rubino\/en\/wp-content\/uploads\/2018\/11\/IMG_0286b.jpg&#8221; parallax=&#8221;on&#8221; button_on_hover=&#8221;on&#8221; sticky_transition=&#8221;on&#8221;]<\/p>\n<p>&nbsp;<\/p>\n<h2 style=\"text-align: center;\"><b>Selected flavors<br \/>of sunny Italy<\/b><\/h2>\n<p>[\/et_pb_slide][et_pb_slide heading=&#8221;BOOK A PLACE&#8221; button_text=&#8221;CHARTS OF TABLES&#8221; button_link=&#8221;http:\/\/www.giovanni.pl\/rubino\/en\/rezerwacja\/&#8221; use_bg_overlay=&#8221;on&#8221; bg_overlay_color=&#8221;rgba(0,0,0,0.5)&#8221; use_text_overlay=&#8221;off&#8221; _builder_version=&#8221;3.19.5&#8243; background_image=&#8221;http:\/\/www.giovanni.pl\/rubino\/en\/wp-content\/uploads\/2018\/11\/IMG_0210b-2.jpg&#8221; parallax=&#8221;on&#8221; button_on_hover=&#8221;on&#8221; sticky_transition=&#8221;on&#8221;]<\/p>\n<h2>&nbsp;<\/h2>\n<h2 style=\"text-align: center;\"><b>Call us<br \/>(22) 826 27 88<\/b><\/h2>\n<p>[\/et_pb_slide][\/et_pb_fullwidth_slider][\/et_pb_section][et_pb_section fb_built=&#8221;1&#8243; _builder_version=&#8221;3.22&#8243; background_size=&#8221;contain&#8221; background_position=&#8221;center_left&#8221; collapsed=&#8221;off&#8221;][et_pb_row _builder_version=&#8221;3.25&#8243; background_size=&#8221;initial&#8221; background_position=&#8221;top_left&#8221; background_repeat=&#8221;repeat&#8221;][et_pb_column type=&#8221;4_4&#8243; _builder_version=&#8221;3.25&#8243; custom_padding=&#8221;|||&#8221; custom_padding__hover=&#8221;|||&#8221;][et_pb_divider show_divider=&#8221;off&#8221; admin_label=&#8221;Separator 50 pix&#8221; _builder_version=&#8221;3.17.6&#8243; height=&#8221;50px&#8221; global_module=&#8221;545&#8243; saved_tabs=&#8221;all&#8221; locked=&#8221;on&#8221;]<\/p>\n<p>[\/et_pb_divider][\/et_pb_column][\/et_pb_row][et_pb_row column_structure=&#8221;2_3,1_3&#8243; _builder_version=&#8221;3.25&#8243;][et_pb_column type=&#8221;2_3&#8243; _builder_version=&#8221;3.25&#8243; custom_padding=&#8221;|||&#8221; custom_padding__hover=&#8221;|||&#8221;][et_pb_text _builder_version=&#8221;3.27.4&#8243; header_5_line_height=&#8221;1.5em&#8221; animation_style=&#8221;fade&#8221;]<\/p>\n<h5>Giovanni Rubino &#8211; a restaurant with almost thirty years of tradition. It is an ideal place for meetings with friends, special events or small corporate events. We invite you for lunch, a charming rest in our garden or a romantic dinner by candlelight. We provide excellent dishes, desserts, alcohol and a wide range of selected wines.<\/h5>\n<h5>Original Italian recipes, homemade sauces, top-quality pastes, meat and thin-crust pizza, attract real enthusiasts of sunny Italy.<\/h5>\n<h5>All dishes are prepared in front of guests in an open kitchen.<\/h5>\n<p>[\/et_pb_text][\/et_pb_column][et_pb_column type=&#8221;1_3&#8243; _builder_version=&#8221;3.25&#8243; custom_padding=&#8221;|||&#8221; custom_padding__hover=&#8221;|||&#8221;][et_pb_image src=&#8221;http:\/\/www.giovanni.pl\/rubino\/en\/wp-content\/uploads\/2018\/11\/foto_jan.jpg&#8221; show_bottom_space=&#8221;off&#8221; align=&#8221;center&#8221; align_tablet=&#8221;center&#8221; align_phone=&#8221;&#8221; align_last_edited=&#8221;on|desktop&#8221; _builder_version=&#8221;3.23&#8243; background_color=&#8221;#ffffff&#8221; max_width=&#8221;70%&#8221;][\/et_pb_image][et_pb_text _builder_version=&#8221;3.27.4&#8243;]<\/p>\n<p style=\"text-align: center;\">I invite you<\/p>\n<h6 style=\"text-align: center;\">Jan Smereczy\u0144ski<\/h6>\n<p>[\/et_pb_text][\/et_pb_column][\/et_pb_row][et_pb_row _builder_version=&#8221;3.25&#8243; background_size=&#8221;initial&#8221; background_position=&#8221;top_left&#8221; background_repeat=&#8221;repeat&#8221;][et_pb_column type=&#8221;4_4&#8243; _builder_version=&#8221;3.25&#8243; custom_padding=&#8221;|||&#8221; custom_padding__hover=&#8221;|||&#8221;][et_pb_divider show_divider=&#8221;off&#8221; admin_label=&#8221;Separator 50 pix&#8221; _builder_version=&#8221;3.17.6&#8243; height=&#8221;50px&#8221; global_module=&#8221;545&#8243; saved_tabs=&#8221;all&#8221; locked=&#8221;on&#8221;]<\/p>\n<p>[\/et_pb_divider][\/et_pb_column][\/et_pb_row][\/et_pb_section][et_pb_section fb_built=&#8221;1&#8243; _builder_version=&#8221;3.22&#8243; custom_padding=&#8221;0px|0px|0|0px|false|false&#8221; collapsed=&#8221;off&#8221;][et_pb_row column_structure=&#8221;1_3,1_3,1_3&#8243; _builder_version=&#8221;3.25&#8243; background_size=&#8221;initial&#8221; background_position=&#8221;top_left&#8221; background_repeat=&#8221;repeat&#8221;][et_pb_column type=&#8221;1_3&#8243; _builder_version=&#8221;3.25&#8243; custom_padding=&#8221;|||&#8221; custom_padding__hover=&#8221;|||&#8221;][et_pb_image src=&#8221;http:\/\/www.giovanni.pl\/rubino\/en\/wp-content\/uploads\/2018\/11\/rubino_09.jpg&#8221; align=&#8221;center&#8221; align_tablet=&#8221;center&#8221; align_phone=&#8221;&#8221; align_last_edited=&#8221;on|desktop&#8221; _builder_version=&#8221;3.23&#8243; animation_style=&#8221;slide&#8221; animation_direction=&#8221;bottom&#8221; animation_intensity_slide=&#8221;5px&#8221;][\/et_pb_image][et_pb_divider show_divider=&#8221;off&#8221; _builder_version=&#8221;3.17.6&#8243;][\/et_pb_divider][et_pb_image src=&#8221;http:\/\/www.giovanni.pl\/rubino\/en\/wp-content\/uploads\/2018\/11\/rubino_04.jpg&#8221; align=&#8221;center&#8221; align_tablet=&#8221;center&#8221; align_phone=&#8221;&#8221; align_last_edited=&#8221;on|desktop&#8221; _builder_version=&#8221;3.23&#8243; animation_style=&#8221;slide&#8221; animation_direction=&#8221;bottom&#8221; animation_intensity_slide=&#8221;5px&#8221;][\/et_pb_image][\/et_pb_column][et_pb_column type=&#8221;1_3&#8243; _builder_version=&#8221;3.25&#8243; custom_padding=&#8221;|||&#8221; custom_padding__hover=&#8221;|||&#8221;][et_pb_image src=&#8221;http:\/\/www.giovanni.pl\/rubino\/en\/wp-content\/uploads\/2018\/11\/rubino_b01.jpg&#8221; align=&#8221;center&#8221; align_tablet=&#8221;center&#8221; align_phone=&#8221;&#8221; align_last_edited=&#8221;on|desktop&#8221; _builder_version=&#8221;3.23&#8243; animation_style=&#8221;slide&#8221; animation_direction=&#8221;bottom&#8221; animation_intensity_slide=&#8221;5px&#8221;][\/et_pb_image][\/et_pb_column][et_pb_column type=&#8221;1_3&#8243; _builder_version=&#8221;3.25&#8243; custom_padding=&#8221;|||&#8221; custom_padding__hover=&#8221;|||&#8221;][et_pb_image src=&#8221;http:\/\/www.giovanni.pl\/rubino\/en\/wp-content\/uploads\/2018\/11\/rubino_11.jpg&#8221; align=&#8221;center&#8221; align_tablet=&#8221;center&#8221; align_phone=&#8221;&#8221; align_last_edited=&#8221;on|desktop&#8221; _builder_version=&#8221;3.23&#8243; animation_style=&#8221;slide&#8221; animation_direction=&#8221;bottom&#8221; animation_intensity_slide=&#8221;5px&#8221;][\/et_pb_image][et_pb_divider show_divider=&#8221;off&#8221; _builder_version=&#8221;3.17.6&#8243;][\/et_pb_divider][et_pb_image src=&#8221;https:\/\/giovanni.pl\/rubino\/en\/wp-content\/uploads\/2020\/02\/rubino_01.jpg&#8221; align=&#8221;center&#8221; align_tablet=&#8221;center&#8221; align_phone=&#8221;&#8221; align_last_edited=&#8221;on|desktop&#8221; _builder_version=&#8221;3.23&#8243; animation_style=&#8221;slide&#8221; animation_direction=&#8221;bottom&#8221; animation_intensity_slide=&#8221;5px&#8221;][\/et_pb_image][\/et_pb_column][\/et_pb_row][et_pb_row _builder_version=&#8221;3.25&#8243; background_size=&#8221;initial&#8221; background_position=&#8221;top_left&#8221; background_repeat=&#8221;repeat&#8221;][et_pb_column type=&#8221;4_4&#8243; _builder_version=&#8221;3.25&#8243; custom_padding=&#8221;|||&#8221; custom_padding__hover=&#8221;|||&#8221;][et_pb_divider show_divider=&#8221;off&#8221; admin_label=&#8221;Separator 50 pix&#8221; _builder_version=&#8221;3.17.6&#8243; height=&#8221;50px&#8221; global_module=&#8221;545&#8243; saved_tabs=&#8221;all&#8221; locked=&#8221;on&#8221;]<\/p>\n<p>[\/et_pb_divider][et_pb_button button_url=&#8221;http:\/\/www.giovanni.pl\/rubino\/en\/galeria\/&#8221; button_text=&#8221;SEE PHOTO GALLERY&#8221; button_alignment=&#8221;center&#8221; _builder_version=&#8221;3.19.5&#8243; animation_style=&#8221;zoom&#8221; animation_delay=&#8221;500ms&#8221; animation_intensity_zoom=&#8221;10px&#8221;][\/et_pb_button][et_pb_divider show_divider=&#8221;off&#8221; admin_label=&#8221;Separator 50 pix&#8221; _builder_version=&#8221;3.17.6&#8243; height=&#8221;50px&#8221; global_module=&#8221;545&#8243; saved_tabs=&#8221;all&#8221; locked=&#8221;on&#8221;]<\/p>\n<p>[\/et_pb_divider][\/et_pb_column][\/et_pb_row][\/et_pb_section][et_pb_section fb_built=&#8221;1&#8243; _builder_version=&#8221;3.22&#8243;][et_pb_row column_structure=&#8221;1_5,3_5,1_5&#8243; module_class=&#8221; et_pb_row_fullwidth&#8221; _builder_version=&#8221;3.25&#8243; background_size=&#8221;initial&#8221; background_position=&#8221;top_left&#8221; background_repeat=&#8221;repeat&#8221; width=&#8221;89%&#8221; width_tablet=&#8221;80%&#8221; width_phone=&#8221;&#8221; width_last_edited=&#8221;on|desktop&#8221; max_width=&#8221;89%&#8221; max_width_tablet=&#8221;80%&#8221; max_width_phone=&#8221;&#8221; max_width_last_edited=&#8221;on|desktop&#8221; module_alignment=&#8221;center&#8221; make_fullwidth=&#8221;on&#8221;][et_pb_column type=&#8221;1_5&#8243; _builder_version=&#8221;3.25&#8243; custom_padding=&#8221;|||&#8221; custom_padding__hover=&#8221;|||&#8221;][\/et_pb_column][et_pb_column type=&#8221;3_5&#8243; _builder_version=&#8221;3.25&#8243; custom_padding=&#8221;|||&#8221; custom_padding__hover=&#8221;|||&#8221;][et_pb_image src=&#8221;https:\/\/giovanni.pl\/rubino\/en\/wp-content\/uploads\/2020\/02\/30G_logo_www.png&#8221; align_tablet=&#8221;center&#8221; align_phone=&#8221;&#8221; align_last_edited=&#8221;on|desktop&#8221; _builder_version=&#8221;3.23&#8243;][\/et_pb_image][et_pb_divider show_divider=&#8221;off&#8221; _builder_version=&#8221;3.19.5&#8243;][\/et_pb_divider][\/et_pb_column][et_pb_column type=&#8221;1_5&#8243; _builder_version=&#8221;3.25&#8243; custom_padding=&#8221;|||&#8221; custom_padding__hover=&#8221;|||&#8221;][\/et_pb_column][\/et_pb_row][\/et_pb_section][et_pb_section fb_built=&#8221;1&#8243; _builder_version=&#8221;3.22&#8243;][et_pb_row _builder_version=&#8221;3.25&#8243; background_size=&#8221;initial&#8221; background_position=&#8221;top_left&#8221; background_repeat=&#8221;repeat&#8221;][et_pb_column type=&#8221;4_4&#8243; _builder_version=&#8221;3.25&#8243; custom_padding=&#8221;|||&#8221; custom_padding__hover=&#8221;|||&#8221;][et_pb_video src=&#8221;http:\/\/www.giovanni.pl\/rubino\/en\/wp-content\/uploads\/2019\/01\/GIOVANNI-RUBINO-jako\u015b\u0107-\u015brednia-4Mbps.mp4&#8243; image_src=&#8221;http:\/\/www.giovanni.pl\/rubino\/en\/wp-content\/uploads\/2019\/01\/video-cover1.png&#8221; _builder_version=&#8221;3.19.5&#8243; animation_style=&#8221;fade&#8221;][\/et_pb_video][et_pb_divider show_divider=&#8221;off&#8221; _builder_version=&#8221;3.19.5&#8243; height=&#8221;40px&#8221;][\/et_pb_divider][et_pb_button button_url=&#8221;http:\/\/www.giovanni.pl\/rubino\/en\/lokale\/&#8221; button_text=&#8221;DISCOVER GIOVANNI PREMISES&#8221; button_alignment=&#8221;center&#8221; _builder_version=&#8221;4.6.5&#8243; animation_style=&#8221;zoom&#8221; animation_delay=&#8221;500ms&#8221; animation_intensity_zoom=&#8221;10px&#8221; hover_enabled=&#8221;0&#8243; sticky_enabled=&#8221;0&#8243;][\/et_pb_button][et_pb_divider show_divider=&#8221;off&#8221; _builder_version=&#8221;3.19.5&#8243; height=&#8221;40px&#8221;][\/et_pb_divider][\/et_pb_column][\/et_pb_row][\/et_pb_section][et_pb_section fb_built=&#8221;1&#8243; admin_label=&#8221;Menu Krab&#8221; _builder_version=&#8221;3.22&#8243; background_color=&#8221;#bb2b31&#8243; background_image=&#8221;https:\/\/giovanni.pl\/rubino\/en\/wp-content\/uploads\/2020\/02\/crab-5.png&#8221; locked=&#8221;off&#8221; collapsed=&#8221;off&#8221;][et_pb_row _builder_version=&#8221;3.25&#8243; background_size=&#8221;initial&#8221; background_position=&#8221;top_left&#8221; background_repeat=&#8221;repeat&#8221;][et_pb_column type=&#8221;4_4&#8243; _builder_version=&#8221;3.25&#8243; custom_padding=&#8221;|||&#8221; custom_padding__hover=&#8221;|||&#8221;][et_pb_divider show_divider=&#8221;off&#8221; admin_label=&#8221;Separator 25 pix&#8221; _builder_version=&#8221;3.17.6&#8243;][\/et_pb_divider][\/et_pb_column][\/et_pb_row][et_pb_row column_structure=&#8221;1_5,1_5,1_5,1_5,1_5&#8243; _builder_version=&#8221;3.25&#8243; background_size=&#8221;initial&#8221; background_position=&#8221;top_left&#8221; background_repeat=&#8221;repeat&#8221;][et_pb_column type=&#8221;1_5&#8243; _builder_version=&#8221;3.25&#8243; custom_padding=&#8221;|||&#8221; custom_padding__hover=&#8221;|||&#8221;][et_pb_divider show_divider=&#8221;off&#8221; admin_label=&#8221;Separator 25 pix&#8221; _builder_version=&#8221;3.17.6&#8243;][\/et_pb_divider][et_pb_text admin_label=&#8221;\u015aniadania&#8221; _builder_version=&#8221;3.27.4&#8243; background_layout=&#8221;dark&#8221;]<\/p>\n<h4 style=\"text-align: center;\"><strong>BREAKFASTS<\/strong><\/h4>\n<p style=\"text-align: center;\">10:00 \u2013 12:00<\/p>\n<p>[\/et_pb_text][et_pb_button button_url=&#8221;http:\/\/www.giovanni.pl\/rubino\/en\/project\/sniadania\/&#8221; button_text=&#8221;SEE MORE&#8221; button_alignment=&#8221;center&#8221; admin_label=&#8221;SEE MORE&#8221; _builder_version=&#8221;3.19.5&#8243; button_icon=&#8221;%%1%%&#8221; background_layout=&#8221;dark&#8221;][\/et_pb_button][et_pb_divider show_divider=&#8221;off&#8221; admin_label=&#8221;Separator 25 pix&#8221; _builder_version=&#8221;3.17.6&#8243;][\/et_pb_divider][\/et_pb_column][et_pb_column type=&#8221;1_5&#8243; _builder_version=&#8221;3.25&#8243; custom_padding=&#8221;|||&#8221; custom_padding__hover=&#8221;|||&#8221;][et_pb_divider show_divider=&#8221;off&#8221; admin_label=&#8221;Separator 25 pix&#8221; _builder_version=&#8221;3.17.6&#8243;][\/et_pb_divider][et_pb_text admin_label=&#8221;Lunche&#8221; _builder_version=&#8221;3.27.4&#8243; background_layout=&#8221;dark&#8221;]<\/p>\n<h4 style=\"text-align: center;\"><strong>LUNCHES<\/strong><\/h4>\n<p style=\"text-align: center;\">12:00 \u2013 16:00<\/p>\n<p>[\/et_pb_text][et_pb_button button_url=&#8221;http:\/\/www.giovanni.pl\/rubino\/en\/project\/lunche\/&#8221; button_text=&#8221;SEE MORE&#8221; button_alignment=&#8221;center&#8221; admin_label=&#8221;SEE MORE&#8221; _builder_version=&#8221;3.19.5&#8243; button_icon=&#8221;%%1%%&#8221; background_layout=&#8221;dark&#8221;][\/et_pb_button][et_pb_divider show_divider=&#8221;off&#8221; admin_label=&#8221;Separator 25 pix&#8221; _builder_version=&#8221;3.17.6&#8243;][\/et_pb_divider][\/et_pb_column][et_pb_column type=&#8221;1_5&#8243; _builder_version=&#8221;3.25&#8243; custom_padding=&#8221;|||&#8221; custom_padding__hover=&#8221;|||&#8221;][et_pb_divider show_divider=&#8221;off&#8221; admin_label=&#8221;Separator 25 pix&#8221; _builder_version=&#8221;3.17.6&#8243;][\/et_pb_divider][et_pb_text admin_label=&#8221;Dania&#8221; _builder_version=&#8221;3.27.4&#8243; background_layout=&#8221;dark&#8221;]<\/p>\n<h4 style=\"text-align: center;\"><strong>DISHES<\/strong><\/h4>\n<p style=\"text-align: center;\">Chef recommends<\/p>\n<p>[\/et_pb_text][et_pb_button button_url=&#8221;http:\/\/www.giovanni.pl\/rubino\/en\/menu\/&#8221; button_text=&#8221;SEE MORE&#8221; button_alignment=&#8221;center&#8221; admin_label=&#8221;SEE MORE&#8221; _builder_version=&#8221;3.19.5&#8243; background_layout=&#8221;dark&#8221;][\/et_pb_button][et_pb_divider show_divider=&#8221;off&#8221; admin_label=&#8221;Separator 25 pix&#8221; _builder_version=&#8221;3.17.6&#8243;][\/et_pb_divider][\/et_pb_column][et_pb_column type=&#8221;1_5&#8243; _builder_version=&#8221;3.25&#8243; custom_padding=&#8221;|||&#8221; custom_padding__hover=&#8221;|||&#8221;][et_pb_divider show_divider=&#8221;off&#8221; admin_label=&#8221;Separator 25 pix&#8221; _builder_version=&#8221;3.17.6&#8243;][\/et_pb_divider][et_pb_text admin_label=&#8221;Napoje&#8221; _builder_version=&#8221;3.27.4&#8243; background_layout=&#8221;dark&#8221;]<\/p>\n<h4 style=\"text-align: center;\"><strong>DRINKS<\/strong><\/h4>\n<p style=\"text-align: center;\">Hot or cold<\/p>\n<p>[\/et_pb_text][et_pb_button button_url=&#8221;http:\/\/www.giovanni.pl\/rubino\/en\/menu\/napoje\/&#8221; button_text=&#8221;SEE MORE&#8221; button_alignment=&#8221;center&#8221; admin_label=&#8221;SEE MORE&#8221; _builder_version=&#8221;3.19.5&#8243; background_layout=&#8221;dark&#8221;][\/et_pb_button][et_pb_divider show_divider=&#8221;off&#8221; admin_label=&#8221;Separator 25 pix&#8221; _builder_version=&#8221;3.17.6&#8243;][\/et_pb_divider][\/et_pb_column][et_pb_column type=&#8221;1_5&#8243; _builder_version=&#8221;3.25&#8243; custom_padding=&#8221;|||&#8221; custom_padding__hover=&#8221;|||&#8221;][et_pb_divider show_divider=&#8221;off&#8221; admin_label=&#8221;Separator 25 pix&#8221; _builder_version=&#8221;3.17.6&#8243;][\/et_pb_divider][et_pb_text admin_label=&#8221;Alkohole&#8221; _builder_version=&#8221;3.27.4&#8243; background_layout=&#8221;dark&#8221;]<\/p>\n<h4 style=\"text-align: center;\"><strong>ALCOHOLS<\/strong><\/h4>\n<p style=\"text-align: center;\">Special selection<\/p>\n<p>[\/et_pb_text][et_pb_button button_url=&#8221;http:\/\/www.giovanni.pl\/rubino\/en\/menu\/alkohole\/&#8221; button_text=&#8221;SEE MORE&#8221; button_alignment=&#8221;center&#8221; admin_label=&#8221;SEE MORE&#8221; _builder_version=&#8221;3.19.5&#8243; background_layout=&#8221;dark&#8221;][\/et_pb_button][et_pb_divider show_divider=&#8221;off&#8221; admin_label=&#8221;Separator 25 pix&#8221; _builder_version=&#8221;3.17.6&#8243;][\/et_pb_divider][\/et_pb_column][\/et_pb_row][\/et_pb_section]<\/p>\n<span class=\"et_bloom_bottom_trigger\"><\/span>","protected":false},"excerpt":{"rendered":"<p>You will get the second course with a discount of -30%call 22 826 27 88 Thank you&nbsp; Krakowskie Przedmie\u015bcie 37Warsaw &nbsp; &nbsp; Rubino space,to which you will come back. &nbsp; Selected flavorsof sunny Italy &nbsp; Call us(22) 826 27 88 Giovanni Rubino &#8211; a restaurant with almost thirty years of tradition. It is an ideal [&hellip;]<\/p>\n","protected":false},"author":1,"featured_media":0,"parent":0,"menu_order":0,"comment_status":"closed","ping_status":"closed","template":"","meta":{"_et_pb_use_builder":"on","_et_pb_old_content":"","_et_gb_content_width":""},"_links":{"self":[{"href":"https:\/\/giovanni.pl\/rubino\/en\/wp-json\/wp\/v2\/pages\/22"}],"collection":[{"href":"https:\/\/giovanni.pl\/rubino\/en\/wp-json\/wp\/v2\/pages"}],"about":[{"href":"https:\/\/giovanni.pl\/rubino\/en\/wp-json\/wp\/v2\/types\/page"}],"author":[{"embeddable":true,"href":"https:\/\/giovanni.pl\/rubino\/en\/wp-json\/wp\/v2\/users\/1"}],"replies":[{"embeddable":true,"href":"https:\/\/giovanni.pl\/rubino\/en\/wp-json\/wp\/v2\/comments?post=22"}],"version-history":[{"count":129,"href":"https:\/\/giovanni.pl\/rubino\/en\/wp-json\/wp\/v2\/pages\/22\/revisions"}],"predecessor-version":[{"id":1119,"href":"https:\/\/giovanni.pl\/rubino\/en\/wp-json\/wp\/v2\/pages\/22\/revisions\/1119"}],"wp:attachment":[{"href":"https:\/\/giovanni.pl\/rubino\/en\/wp-json\/wp\/v2\/media?parent=22"}],"curies":[{"name":"wp","href":"https:\/\/api.w.org\/{rel}","templated":true}]}}