{"id":22,"date":"2018-11-07T14:10:16","date_gmt":"2018-11-07T13:10:16","guid":{"rendered":"http:\/\/www.giovanni.pl\/sport\/?page_id=22"},"modified":"2022-01-26T13:28:21","modified_gmt":"2022-01-26T12:28:21","slug":"giovanni-rubino","status":"publish","type":"page","link":"https:\/\/giovanni.pl\/sport\/","title":{"rendered":"RESTAURACJA"},"content":{"rendered":"<p>[et_pb_section fb_built=&#8221;1&#8243; fullwidth=&#8221;on&#8221; admin_label=&#8221;Slider&#8221; _builder_version=&#8221;3.22&#8243; collapsed=&#8221;off&#8221;][et_pb_fullwidth_slider show_arrows=&#8221;off&#8221; show_pagination=&#8221;off&#8221; module_class=&#8221;et_fullscreen_slider&#8221; _builder_version=&#8221;4.6.6&#8243; background_color=&#8221;#ffffff&#8221; background_image=&#8221;https:\/\/giovanni.pl\/sport\/wp-content\/uploads\/2019\/10\/5.jpg&#8221; background_size=&#8221;initial&#8221; background_position=&#8221;top_left&#8221; background_repeat=&#8221;repeat&#8221; auto=&#8221;on&#8221; link_option_url=&#8221;https:\/\/giovanni.pl\/sport\/project\/codzienne\/&#8221; z_index_tablet=&#8221;500&#8243;][et_pb_slide heading=&#8221;WYDAJEMY POSI\u0141KI NA MIEJSCU&#8221; button_text=&#8221;MENU \u2014 ZAM\u00d3WIENIA&#8221; button_link=&#8221;https:\/\/giovanni.pl\/sport\/project\/codzienne\/&#8221; use_bg_overlay=&#8221;on&#8221; bg_overlay_color=&#8221;rgba(0,0,0,0.5)&#8221; use_text_overlay=&#8221;off&#8221; _builder_version=&#8221;4.6.6&#8243; background_image=&#8221;https:\/\/giovanni.pl\/sport\/wp-content\/uploads\/2019\/10\/5-e1592809515429.jpg&#8221; background_enable_image=&#8221;on&#8221; parallax=&#8221;on&#8221; custom_button=&#8221;on&#8221; button_text_size=&#8221;20px&#8221; button_bg_color=&#8221;#7dab38&#8243; button_border_color=&#8221;#7dab38&#8243; button_border_radius=&#8221;1&#8243; button_use_icon=&#8221;off&#8221; button_alignment=&#8221;center&#8221; button_text_size_tablet=&#8221;20px&#8221; button_text_size_phone=&#8221;20px&#8221; sticky_transition=&#8221;on&#8221;]<\/p>\n<h5>\u00a0<\/h5>\n<h1 style=\"text-align: center;\">Restauracja jest czynna<\/h1>\n<h1 style=\"text-align: center;\">od poniedzia\u0142ku do pi\u0105tku<\/h1>\n<h1 style=\"text-align: center;\">w godzinach 8:00\u201316:00<\/h1>\n<p>[\/et_pb_slide][\/et_pb_fullwidth_slider][et_pb_fullwidth_slider show_pagination=&#8221;off&#8221; disabled_on=&#8221;on|on|on&#8221; module_class=&#8221;et_fullscreen_slider&#8221; _builder_version=&#8221;3.21.1&#8243; background_color=&#8221;#ffffff&#8221; background_size=&#8221;initial&#8221; background_position=&#8221;top_left&#8221; background_repeat=&#8221;repeat&#8221; auto=&#8221;on&#8221; link_option_url=&#8221;#&#8221; z_index_tablet=&#8221;500&#8243; disabled=&#8221;on&#8221;][et_pb_slide use_bg_overlay=&#8221;off&#8221; use_text_overlay=&#8221;off&#8221; admin_title=&#8221;VIDEO&#8221; _builder_version=&#8221;3.21.1&#8243; background_video_mp4=&#8221;http:\/\/www.giovanni.pl\/sport\/wp-content\/uploads\/2019\/04\/GIOVANNI-SPORT-F2-2x.mp4&#8243; background_video_width=&#8221;1920&#8243; background_video_height=&#8221;1080&#8243; background_video_pause_outside_viewport=&#8221;off&#8221; button_on_hover=&#8221;on&#8221; sticky_transition=&#8221;on&#8221;][\/et_pb_slide][et_pb_slide heading=&#8221;\u015aNIADANIA, OBIADY&#8221; button_text=&#8221;SPRAWD\u0179 NASZE MENU&#8221; button_link=&#8221;#menu&#8221; use_bg_overlay=&#8221;on&#8221; bg_overlay_color=&#8221;rgba(0,0,0,0.5)&#8221; use_text_overlay=&#8221;off&#8221; _builder_version=&#8221;3.21.1&#8243; background_color=&#8221;#7EBEC5&#8243; background_image=&#8221;http:\/\/www.giovanni.pl\/sport\/wp-content\/uploads\/2019\/01\/Giovani-9.jpg&#8221; parallax=&#8221;on&#8221; custom_button=&#8221;on&#8221; button_text_size=&#8221;20px&#8221; button_bg_color=&#8221;#7dab38&#8243; button_border_color=&#8221;#7dab38&#8243; button_border_radius=&#8221;1&#8243; button_font=&#8221;||||||||&#8221; button_use_icon=&#8221;on&#8221; button_icon=&#8221;%%1%%&#8221; button_on_hover=&#8221;on&#8221; button_alignment=&#8221;center&#8221; sticky_transition=&#8221;on&#8221;]<\/p>\n<p>&nbsp;<\/p>\n<h2 style=\"text-align: center;\"><b>Szef kuchni poleca<br \/> codziennie&nbsp;co\u015b innego<\/b><\/h2>\n<p>[\/et_pb_slide][et_pb_slide heading=&#8221;ZAM\u00d3W CATERING&#8221; button_text=&#8221;WI\u0118CEJ O CATERINGU&#8221; button_link=&#8221;http:\/\/www.giovanni.pl\/sport\/catering&#8221; use_bg_overlay=&#8221;on&#8221; bg_overlay_color=&#8221;rgba(0,0,0,0.5)&#8221; use_text_overlay=&#8221;off&#8221; _builder_version=&#8221;3.21.1&#8243; background_image=&#8221;http:\/\/www.giovanni.pl\/sport\/wp-content\/uploads\/2019\/01\/Giovani-17.jpg&#8221; parallax=&#8221;on&#8221; custom_button=&#8221;on&#8221; button_text_size=&#8221;20px&#8221; button_bg_color=&#8221;#7dab38&#8243; button_border_color=&#8221;#7dab38&#8243; button_border_radius=&#8221;1&#8243; button_font=&#8221;||||||||&#8221; button_use_icon=&#8221;off&#8221; button_alignment=&#8221;center&#8221; sticky_transition=&#8221;on&#8221;]<\/p>\n<h2 style=\"text-align: center;\"><\/h2>\n<h2><strong>Realizujemy zam\u00f3wienia cateringowe<br \/> dostosowane do wymaga\u0144 naszych klient\u00f3w<\/strong><\/h2>\n<p>[\/et_pb_slide][et_pb_slide heading=&#8221;GIOVANNI SPORT&#8221; button_text=&#8221;ODWIED\u0179 NAS&#8221; button_link=&#8221;http:\/\/www.giovanni.pl\/sport\/kontakt\/&#8221; use_bg_overlay=&#8221;on&#8221; bg_overlay_color=&#8221;rgba(0,0,0,0.5)&#8221; use_text_overlay=&#8221;off&#8221; _builder_version=&#8221;3.21.1&#8243; background_image=&#8221;http:\/\/www.giovanni.pl\/sport\/wp-content\/uploads\/2019\/01\/Giovani-21-2b.jpg&#8221; parallax=&#8221;on&#8221; custom_button=&#8221;on&#8221; button_text_size=&#8221;20px&#8221; button_bg_color=&#8221;#7dab38&#8243; button_border_color=&#8221;#7dab38&#8243; button_border_radius=&#8221;1&#8243; button_font=&#8221;||||||||&#8221; button_use_icon=&#8221;off&#8221; button_alignment=&#8221;center&#8221; sticky_transition=&#8221;on&#8221;]<\/p>\n<h2 style=\"text-align: center;\"><\/h2>\n<h2 style=\"text-align: center;\"><b>Carolina Medical Center<br \/> ul. Pory 78 \/&nbsp;Warszawa<\/b><\/h2>\n<p>&nbsp;<\/p>\n<p>[\/et_pb_slide][\/et_pb_fullwidth_slider][\/et_pb_section][et_pb_section fb_built=&#8221;1&#8243; admin_label=&#8221;Menu Krab&#8221; module_id=&#8221;menu&#8221; _builder_version=&#8221;3.21.1&#8243; background_color=&#8221;#7aa846&#8243; background_image=&#8221;https:\/\/giovanni.pl\/sport\/wp-content\/uploads\/2020\/02\/tlo_5.png&#8221; z_index_tablet=&#8221;500&#8243; global_module=&#8221;1091&#8243; locked=&#8221;off&#8221; collapsed=&#8221;off&#8221;][et_pb_row _builder_version=&#8221;3.25&#8243; background_size=&#8221;initial&#8221; background_position=&#8221;top_left&#8221; background_repeat=&#8221;repeat&#8221;][et_pb_column type=&#8221;4_4&#8243; _builder_version=&#8221;3.25&#8243; custom_padding=&#8221;|||&#8221; custom_padding__hover=&#8221;|||&#8221;][et_pb_divider show_divider=&#8221;off&#8221; admin_label=&#8221;Separator 25 pix&#8221; _builder_version=&#8221;3.17.6&#8243;][\/et_pb_divider][\/et_pb_column][\/et_pb_row][et_pb_row column_structure=&#8221;1_3,1_3,1_3&#8243; _builder_version=&#8221;3.25&#8243; background_size=&#8221;initial&#8221; background_position=&#8221;top_left&#8221; background_repeat=&#8221;repeat&#8221;][et_pb_column type=&#8221;1_3&#8243; _builder_version=&#8221;3.25&#8243; custom_padding=&#8221;|||&#8221; custom_padding__hover=&#8221;|||&#8221;][et_pb_divider show_divider=&#8221;off&#8221; admin_label=&#8221;Separator 25 pix&#8221; _builder_version=&#8221;3.17.6&#8243;][\/et_pb_divider][et_pb_text admin_label=&#8221;\u015aniadaniowe&#8221; _builder_version=&#8221;3.27.4&#8243; background_layout=&#8221;dark&#8221;]<\/p>\n<p style=\"text-align: center;\">Menu<\/p>\n<h4 style=\"text-align: center;\"><strong>\u015aNIADANIOWE<\/strong><\/h4>\n<p style=\"text-align: center;\">PON \u2013 PT<br \/>8:00 \u2013 11:30<\/p>\n<p>[\/et_pb_text][et_pb_button button_url=&#8221;http:\/\/www.giovanni.pl\/sport\/project\/sniadaniowe&#8221; button_text=&#8221;ZOBACZ&#8221; button_alignment=&#8221;center&#8221; admin_label=&#8221;ZOBACZ&#8221; _builder_version=&#8221;3.19.5&#8243; custom_button=&#8221;on&#8221; button_border_radius=&#8221;1&#8243; button_use_icon=&#8221;off&#8221; background_layout=&#8221;dark&#8221;][\/et_pb_button][et_pb_divider show_divider=&#8221;off&#8221; admin_label=&#8221;Separator 25 pix&#8221; _builder_version=&#8221;3.17.6&#8243;][\/et_pb_divider][\/et_pb_column][et_pb_column type=&#8221;1_3&#8243; _builder_version=&#8221;3.25&#8243; custom_padding=&#8221;|||&#8221; custom_padding__hover=&#8221;|||&#8221;][et_pb_divider show_divider=&#8221;off&#8221; admin_label=&#8221;Separator 25 pix&#8221; _builder_version=&#8221;3.17.6&#8243;][\/et_pb_divider][et_pb_text admin_label=&#8221;Codzienne&#8221; _builder_version=&#8221;4.6.6&#8243; background_layout=&#8221;dark&#8221;]<\/p>\n<p style=\"text-align: center;\">Menu<\/p>\n<h4 style=\"text-align: center;\"><strong>CODZIENNE<\/strong><\/h4>\n<p style=\"text-align: center;\">PON \u2013 PT<br \/>12:00 \u2013 16:00<\/p>\n<p>[\/et_pb_text][et_pb_button button_url=&#8221;http:\/\/www.giovanni.pl\/sport\/project\/codzienne\/&#8221; button_text=&#8221;ZOBACZ&#8221; button_alignment=&#8221;center&#8221; admin_label=&#8221;ZOBACZ&#8221; _builder_version=&#8221;3.19.5&#8243; custom_button=&#8221;on&#8221; button_border_radius=&#8221;1&#8243; button_use_icon=&#8221;off&#8221; background_layout=&#8221;dark&#8221;][\/et_pb_button][et_pb_divider show_divider=&#8221;off&#8221; admin_label=&#8221;Separator 25 pix&#8221; _builder_version=&#8221;3.17.6&#8243;][\/et_pb_divider][\/et_pb_column][et_pb_column type=&#8221;1_3&#8243; _builder_version=&#8221;3.25&#8243; custom_padding=&#8221;|||&#8221; custom_padding__hover=&#8221;|||&#8221;][et_pb_divider show_divider=&#8221;off&#8221; admin_label=&#8221;Separator 25 pix&#8221; _builder_version=&#8221;3.17.6&#8243;][\/et_pb_divider][et_pb_text admin_label=&#8221;Dieta&#8221; _builder_version=&#8221;3.27.4&#8243; background_layout=&#8221;dark&#8221;]<\/p>\n<p style=\"text-align: center;\">Dieta<\/p>\n<h4 style=\"text-align: center;\"><strong>NA 28 DNI<\/strong><\/h4>\n<p style=\"text-align: center;\">Zapoznaj si\u0119<br \/>ze szczeg\u00f3\u0142ami<\/p>\n<p>[\/et_pb_text][et_pb_button button_url=&#8221;http:\/\/www.giovanni.pl\/sport\/dieta&#8221; button_text=&#8221;SPRAWD\u0179&#8221; button_alignment=&#8221;center&#8221; admin_label=&#8221;SPRAWD\u0179&#8221; _builder_version=&#8221;3.19.5&#8243; custom_button=&#8221;on&#8221; button_border_radius=&#8221;1&#8243; button_use_icon=&#8221;off&#8221; background_layout=&#8221;dark&#8221;][\/et_pb_button][et_pb_divider show_divider=&#8221;off&#8221; admin_label=&#8221;Separator 25 pix&#8221; _builder_version=&#8221;3.17.6&#8243;][\/et_pb_divider][\/et_pb_column][\/et_pb_row][\/et_pb_section][et_pb_section fb_built=&#8221;1&#8243; module_id=&#8221;restauracja&#8221; _builder_version=&#8221;3.22&#8243; background_size=&#8221;contain&#8221; background_position=&#8221;center_left&#8221; collapsed=&#8221;off&#8221;][et_pb_row _builder_version=&#8221;3.25&#8243; background_size=&#8221;initial&#8221; background_position=&#8221;top_left&#8221; background_repeat=&#8221;repeat&#8221;][et_pb_column type=&#8221;4_4&#8243; _builder_version=&#8221;3.25&#8243; custom_padding=&#8221;|||&#8221; custom_padding__hover=&#8221;|||&#8221;][et_pb_divider show_divider=&#8221;off&#8221; admin_label=&#8221;Separator 60 pix&#8221; _builder_version=&#8221;3.21.1&#8243; height=&#8221;60px&#8221; z_index_tablet=&#8221;500&#8243; global_module=&#8221;545&#8243; saved_tabs=&#8221;all&#8221; locked=&#8221;off&#8221;][\/et_pb_divider][\/et_pb_column][\/et_pb_row][et_pb_row column_structure=&#8221;2_3,1_3&#8243; _builder_version=&#8221;3.25&#8243;][et_pb_column type=&#8221;2_3&#8243; _builder_version=&#8221;3.25&#8243; custom_padding=&#8221;|||&#8221; custom_padding__hover=&#8221;|||&#8221;][et_pb_text _builder_version=&#8221;3.27.4&#8243; header_3_line_height=&#8221;1.3em&#8221; header_5_line_height=&#8221;1.5em&#8221; animation_style=&#8221;fade&#8221;]<\/p>\n<h3><span style=\"color: #000000;\">Giovanni Sport to profesjonalny punkt restauracyjny mieszcz\u0105cy si\u0119 w warszawskiej Carolina Medical Center.<\/span><\/h3>\n<p><span style=\"color: #000000;\">Jako\u015b\u0107 \u017cycia, zdrowie i oszcz\u0119dno\u015b\u0107 czasu s\u0105 coraz bardziej wa\u017cne dla ka\u017cdego z nas. Dlatego tworzymy dla Was miejsce gdzie dobry produkt, przyjazny design i szybko\u015b\u0107 obs\u0142ugi to nasz priorytet.<\/span><\/p>\n<p><span style=\"color: #000000;\">Idea restauracji Giovanni Sport opiera si\u0119 na zdrowej, naturalnej \u017cywno\u015bci zgodnie z obecnymi \u015bwiatowymi trendami. Posi\u0142ki przygotowywane s\u0105 ze \u015bwie\u017cych, sezonowych produkt\u00f3w. Sami zajmujemy si\u0119 wypiekiem pieczywa i ciast. Nasza kuchnia to zbilansowane smaczne dania wzbogacone ofert\u0105 \u015bwie\u017co wyciskanych sok\u00f3w, doskona\u0142\u0105 kaw\u0105 i herbat\u0105, a tak\u017ce eko produktami.<\/span><\/p>\n<p><span style=\"color: #000000;\">Zapraszamy codziennie na pyszne \u015bniadania obiady i kolacje. <\/span><span style=\"color: #000000;\">Szefem Kuchni Giovanni Sport jest Wojciech Szyd\u0142owski.<\/span><\/p>\n<p>[\/et_pb_text][\/et_pb_column][et_pb_column type=&#8221;1_3&#8243; _builder_version=&#8221;3.25&#8243; custom_padding=&#8221;|||&#8221; custom_padding__hover=&#8221;|||&#8221;][et_pb_image src=&#8221;http:\/\/www.giovanni.pl\/sport\/wp-content\/uploads\/2018\/11\/foto_jan.jpg&#8221; show_bottom_space=&#8221;off&#8221; align=&#8221;center&#8221; align_tablet=&#8221;center&#8221; align_phone=&#8221;&#8221; align_last_edited=&#8221;on|desktop&#8221; _builder_version=&#8221;3.23&#8243; background_color=&#8221;#ffffff&#8221; max_width=&#8221;70%&#8221;]<br \/>\n[\/et_pb_image][et_pb_text _builder_version=&#8221;3.27.4&#8243;]<\/p>\n<p style=\"text-align: center;\">Zapraszam<\/p>\n<h6 style=\"text-align: center;\">Jan Smereczy\u0144ski<\/h6>\n<p>[\/et_pb_text][et_pb_button button_url=&#8221;http:\/\/www.giovanni.pl\/sport\/restauracje&#8221; button_text=&#8221;GIOVANNI&#8221; button_alignment=&#8221;center&#8221; _builder_version=&#8221;3.19.12&#8243; custom_button=&#8221;on&#8221; button_text_size=&#8221;12&#8243; button_text_color=&#8221;#7dab38&#8243; button_bg_color=&#8221;#ffffff&#8221; button_border_radius=&#8221;1&#8243; button_font=&#8221;Montserrat|700|||||||&#8221; button_use_icon=&#8221;off&#8221; custom_margin=&#8221;-20px|||&#8221;]<br \/>\n[\/et_pb_button][\/et_pb_column][\/et_pb_row][et_pb_row _builder_version=&#8221;3.25&#8243; background_size=&#8221;initial&#8221; background_position=&#8221;top_left&#8221; background_repeat=&#8221;repeat&#8221;][et_pb_column type=&#8221;4_4&#8243; _builder_version=&#8221;3.25&#8243; custom_padding=&#8221;|||&#8221; custom_padding__hover=&#8221;|||&#8221;][et_pb_divider show_divider=&#8221;off&#8221; admin_label=&#8221;Separator 60 pix&#8221; _builder_version=&#8221;3.21.1&#8243; height=&#8221;60px&#8221; z_index_tablet=&#8221;500&#8243; global_module=&#8221;545&#8243; saved_tabs=&#8221;all&#8221; locked=&#8221;off&#8221;][\/et_pb_divider][\/et_pb_column][\/et_pb_row][\/et_pb_section][et_pb_section fb_built=&#8221;1&#8243; module_id=&#8221;galeria&#8221; _builder_version=&#8221;3.22&#8243; custom_padding=&#8221;0px|0px|0|0px|false|false&#8221; collapsed=&#8221;off&#8221;][et_pb_row _builder_version=&#8221;3.25&#8243; background_size=&#8221;initial&#8221; background_position=&#8221;top_left&#8221; background_repeat=&#8221;repeat&#8221;][et_pb_column type=&#8221;4_4&#8243; _builder_version=&#8221;3.25&#8243; custom_padding=&#8221;|||&#8221; custom_padding__hover=&#8221;|||&#8221;][et_pb_divider color=&#8221;#7dab38&#8243; divider_position=&#8221;bottom&#8221; divider_weight=&#8221;2&#8243; _builder_version=&#8221;3.19.5&#8243; max_width=&#8221;20%&#8221; module_alignment=&#8221;center&#8221; height=&#8221;25px&#8221; animation_style=&#8221;slide&#8221; animation_direction=&#8221;left&#8221;]<br \/>\n[\/et_pb_divider][et_pb_text _builder_version=&#8221;3.27.4&#8243;]<\/p>\n<h1 style=\"text-align: center;\">Przyjd\u017a, odpocznij, zjedz co\u015b dobrego<\/h1>\n<p>[\/et_pb_text][et_pb_divider color=&#8221;#7dab38&#8243; divider_weight=&#8221;2&#8243; _builder_version=&#8221;3.19.5&#8243; max_width=&#8221;20%&#8221; module_alignment=&#8221;center&#8221; height=&#8221;25px&#8221; animation_style=&#8221;slide&#8221; animation_direction=&#8221;right&#8221;]<br \/>\n[\/et_pb_divider][et_pb_divider show_divider=&#8221;off&#8221; _builder_version=&#8221;3.19.5&#8243; height=&#8221;25px&#8221;]<br \/>\n[\/et_pb_divider][et_pb_video src=&#8221;http:\/\/www.giovanni.pl\/sport\/wp-content\/uploads\/2019\/04\/GIOVANNI-SPORT-F2-2x.mp4&#8243; image_src=&#8221;http:\/\/www.giovanni.pl\/sport\/wp-content\/uploads\/2019\/02\/Giovani-31.jpg&#8221; _builder_version=&#8221;3.21.1&#8243; animation_style=&#8221;fade&#8221; z_index_tablet=&#8221;500&#8243;]<br \/>\n[\/et_pb_video][et_pb_divider show_divider=&#8221;off&#8221; _builder_version=&#8221;3.19.5&#8243; height=&#8221;25px&#8221;]<br \/>\n[\/et_pb_divider][et_pb_button button_url=&#8221;http:\/\/www.giovanni.pl\/sport\/galeria\/&#8221; button_text=&#8221;ZOBACZ GALERI\u0118 ZDJ\u0118\u0106&#8221; button_alignment=&#8221;center&#8221; _builder_version=&#8221;3.19.5&#8243; custom_button=&#8221;on&#8221; button_border_radius=&#8221;1&#8243; button_use_icon=&#8221;off&#8221; animation_style=&#8221;zoom&#8221; animation_delay=&#8221;500ms&#8221; animation_intensity_zoom=&#8221;10px&#8221;]<br \/>\n[\/et_pb_button][\/et_pb_column][\/et_pb_row][\/et_pb_section][et_pb_section fb_built=&#8221;1&#8243; _builder_version=&#8221;3.22&#8243;][et_pb_row column_structure=&#8221;1_5,3_5,1_5&#8243; _builder_version=&#8221;3.25&#8243; background_size=&#8221;initial&#8221; background_position=&#8221;top_left&#8221; background_repeat=&#8221;repeat&#8221;][et_pb_column type=&#8221;1_5&#8243; _builder_version=&#8221;3.25&#8243; custom_padding=&#8221;|||&#8221; custom_padding__hover=&#8221;|||&#8221;][\/et_pb_column][et_pb_column type=&#8221;3_5&#8243; _builder_version=&#8221;3.25&#8243; custom_padding=&#8221;|||&#8221; custom_padding__hover=&#8221;|||&#8221;][et_pb_divider show_divider=&#8221;off&#8221; _builder_version=&#8221;3.21.1&#8243; z_index_tablet=&#8221;500&#8243;]<br \/>\n[\/et_pb_divider][et_pb_image src=&#8221;https:\/\/giovanni.pl\/sport\/wp-content\/uploads\/2020\/02\/30G_logo_www.png&#8221; align_tablet=&#8221;center&#8221; align_phone=&#8221;&#8221; align_last_edited=&#8221;on|desktop&#8221; _builder_version=&#8221;3.23&#8243; z_index_tablet=&#8221;500&#8243;]<br \/>\n[\/et_pb_image][\/et_pb_column][et_pb_column type=&#8221;1_5&#8243; _builder_version=&#8221;3.25&#8243; custom_padding=&#8221;|||&#8221; custom_padding__hover=&#8221;|||&#8221;][\/et_pb_column][\/et_pb_row][\/et_pb_section][et_pb_section fb_built=&#8221;1&#8243; admin_label=&#8221;BUTTON ZDROWIE&#8221; _builder_version=&#8221;3.21.1&#8243; z_index_tablet=&#8221;500&#8243; global_module=&#8221;1087&#8243;][et_pb_row _builder_version=&#8221;3.25&#8243; background_size=&#8221;initial&#8221; background_position=&#8221;top_left&#8221; background_repeat=&#8221;repeat&#8221;][et_pb_column type=&#8221;4_4&#8243; _builder_version=&#8221;3.25&#8243; custom_padding=&#8221;|||&#8221; custom_padding__hover=&#8221;|||&#8221;][et_pb_divider show_divider=&#8221;off&#8221; _builder_version=&#8221;3.19.5&#8243; height=&#8221;50px&#8221;][\/et_pb_divider][et_pb_divider color=&#8221;#7dab38&#8243; divider_position=&#8221;center&#8221; divider_weight=&#8221;2&#8243; _builder_version=&#8221;3.19.5&#8243; max_width=&#8221;18%&#8221; module_alignment=&#8221;center&#8221; height=&#8221;6px&#8221; animation_style=&#8221;slide&#8221;][\/et_pb_divider][et_pb_text _builder_version=&#8221;3.27.4&#8243;]<\/p>\n<h6 style=\"text-align: center;\">Zapraszamy do sklepu internetowego<\/h6>\n<p style=\"text-align: center;\"><span style=\"color: #000000;\"><strong>GIOVANNI ZDROWIE<\/strong><\/span><\/p>\n<p>[\/et_pb_text][et_pb_image src=&#8221;http:\/\/www.giovanni.pl\/sport\/wp-content\/uploads\/2018\/11\/logo_zdrowie.png&#8221; url=&#8221;http:\/\/www.giovanni-zdrowie.pl&#8221; url_new_window=&#8221;on&#8221; use_overlay=&#8221;on&#8221; overlay_icon_color=&#8221;#7dab38&#8243; show_bottom_space=&#8221;off&#8221; align=&#8221;center&#8221; align_tablet=&#8221;center&#8221; align_phone=&#8221;&#8221; align_last_edited=&#8221;on|desktop&#8221; _builder_version=&#8221;4.6.6&#8243; animation_style=&#8221;slide&#8221; hover_enabled=&#8221;0&#8243; saved_tabs=&#8221;all&#8221; sticky_enabled=&#8221;0&#8243;][\/et_pb_image][et_pb_divider show_divider=&#8221;off&#8221; _builder_version=&#8221;3.19.5&#8243; height=&#8221;50px&#8221;][\/et_pb_divider][\/et_pb_column][\/et_pb_row][\/et_pb_section][et_pb_section fb_built=&#8221;1&#8243; _builder_version=&#8221;4.6.6&#8243; _module_preset=&#8221;default&#8221;][et_pb_row _builder_version=&#8221;4.6.6&#8243; _module_preset=&#8221;default&#8221;][et_pb_column type=&#8221;4_4&#8243; _builder_version=&#8221;4.6.6&#8243; _module_preset=&#8221;default&#8221;][et_pb_divider _builder_version=&#8221;4.6.6&#8243; _module_preset=&#8221;default&#8221;][\/et_pb_divider][et_pb_text _builder_version=&#8221;4.6.6&#8243; _module_preset=&#8221;default&#8221;]<\/p>\n<p style=\"text-align: center;\">Utrzyma\u0142em Firm\u0119 i zatrudnienie pracownik\u00f3w.<br \/>Uzyska\u0142em subwencj\u0119 finansow\u0105 udzielon\u0105 przez Polski Fundusz Rozwoju S.A.<br \/>Umowy 2020 i 2021<\/p>\n<p style=\"text-align: center;\"><em>Jan Smereczy\u0144ski<\/em><\/p>\n<p>[\/et_pb_text][et_pb_divider show_divider=&#8221;off&#8221; _builder_version=&#8221;4.6.6&#8243; _module_preset=&#8221;default&#8221;][\/et_pb_divider][\/et_pb_column][\/et_pb_row][\/et_pb_section]<\/p>\n<span class=\"et_bloom_bottom_trigger\"><\/span>","protected":false},"excerpt":{"rendered":"<p>\u00a0 Restauracja jest czynna od poniedzia\u0142ku do pi\u0105tku w godzinach 8:00\u201316:00&nbsp; Szef kuchni poleca codziennie&nbsp;co\u015b innego Realizujemy zam\u00f3wienia cateringowe dostosowane do wymaga\u0144 naszych klient\u00f3w Carolina Medical Center ul. Pory 78 \/&nbsp;Warszawa &nbsp; Menu \u015aNIADANIOWE PON \u2013 PT8:00 \u2013 11:30Menu CODZIENNE PON \u2013 PT12:00 \u2013 16:00Dieta NA 28 DNI Zapoznaj si\u0119ze szczeg\u00f3\u0142amiGiovanni Sport to profesjonalny punkt [&hellip;]<\/p>\n","protected":false},"author":1,"featured_media":0,"parent":0,"menu_order":0,"comment_status":"closed","ping_status":"closed","template":"","meta":{"_et_pb_use_builder":"on","_et_pb_old_content":"","_et_gb_content_width":"","footnotes":""},"class_list":["post-22","page","type-page","status-publish","hentry"],"_links":{"self":[{"href":"https:\/\/giovanni.pl\/sport\/wp-json\/wp\/v2\/pages\/22","targetHints":{"allow":["GET"]}}],"collection":[{"href":"https:\/\/giovanni.pl\/sport\/wp-json\/wp\/v2\/pages"}],"about":[{"href":"https:\/\/giovanni.pl\/sport\/wp-json\/wp\/v2\/types\/page"}],"author":[{"embeddable":true,"href":"https:\/\/giovanni.pl\/sport\/wp-json\/wp\/v2\/users\/1"}],"replies":[{"embeddable":true,"href":"https:\/\/giovanni.pl\/sport\/wp-json\/wp\/v2\/comments?post=22"}],"version-history":[{"count":194,"href":"https:\/\/giovanni.pl\/sport\/wp-json\/wp\/v2\/pages\/22\/revisions"}],"predecessor-version":[{"id":2706,"href":"https:\/\/giovanni.pl\/sport\/wp-json\/wp\/v2\/pages\/22\/revisions\/2706"}],"wp:attachment":[{"href":"https:\/\/giovanni.pl\/sport\/wp-json\/wp\/v2\/media?parent=22"}],"curies":[{"name":"wp","href":"https:\/\/api.w.org\/{rel}","templated":true}]}}